{"id":932,"date":"2025-03-18T09:37:29","date_gmt":"2025-03-18T09:37:29","guid":{"rendered":"https:\/\/www.comarcadelaranda.com\/?page_id=932"},"modified":"2025-03-18T10:10:05","modified_gmt":"2025-03-18T10:10:05","slug":"politica-de-privacidad","status":"publish","type":"page","link":"https:\/\/www.comarcadelaranda.com\/index.php\/politica-de-privacidad\/","title":{"rendered":"Pol\u00edtica de privacidad"},"content":{"rendered":"\t\t<div data-elementor-type=\"wp-page\" data-elementor-id=\"932\" class=\"elementor elementor-932\" data-elementor-post-type=\"page\">\n\t\t\t\t<div class=\"elementor-element elementor-element-e109463 e-flex e-con-boxed e-con e-parent\" data-id=\"e109463\" data-element_type=\"container\">\n\t\t\t\t\t<div class=\"e-con-inner\">\n\t\t\t\t<div class=\"elementor-element elementor-element-c3912c0 elementor-widget elementor-widget-text-editor\" data-id=\"c3912c0\" data-element_type=\"widget\" data-widget_type=\"text-editor.default\">\n\t\t\t\t<div class=\"elementor-widget-container\">\n\t\t\t\t\t\t\t\t\t<header><h1>Pol\u00edtica de privacidad<\/h1><\/header><div><h2 data-kb-block=\"kb-adv-heading3_bed199-f5\">Protecci\u00f3n de datos de car\u00e1cter personal<\/h2><p>En cumplimiento de la Ley Org\u00e1nica 3\/2018, de 5 de diciembre, de Protecci\u00f3n de Datos Personales y garant\u00eda de los derechos digitales y su normativa de desarrollo, as\u00ed como al Reglamento Europeo de protecci\u00f3n de datos 2016\/679,\u00a0<span style=\"font-weight: bold; color: var( --e-global-color-text ); font-family: var( --e-global-typography-text-font-family ), Sans-serif; text-align: var(--text-align); background-color: var(--ast-global-color-4); font-size: 1rem;\">La Comarca del Aranda\u00a0<\/span><b style=\"font-style: inherit; color: var( --e-global-color-text ); font-family: var( --e-global-typography-text-font-family ), Sans-serif; text-align: var(--text-align); background-color: var(--ast-global-color-4);\"><span style=\"font-style: inherit; color: var( --e-global-color-text ); font-family: var( --e-global-typography-text-font-family ), Sans-serif; text-align: var(--text-align); background-color: var(--ast-global-color-4);\">,\u00a0<\/span><\/b><span style=\"font-style: inherit; font-weight: inherit; color: var( --e-global-color-text ); font-family: var( --e-global-typography-text-font-family ), Sans-serif; text-align: var(--text-align); background-color: var(--ast-global-color-4);\">informa que los datos personales facilitados ser\u00e1n incorporados a un fichero cuyo responsable y titular es\u00a0<\/span><span style=\"font-size: 1rem; font-style: inherit; color: var( --e-global-color-text ); font-family: var( --e-global-typography-text-font-family ), Sans-serif; text-align: var(--text-align); font-weight: bold; background-color: var(--ast-global-color-4);\">La Comarca del Aranda\u00a0<\/span><\/p><p><span style=\"font-weight: bold; color: var( --e-global-color-text ); font-family: var( --e-global-typography-text-font-family ), Sans-serif; text-align: var(--text-align); background-color: var(--ast-global-color-4); font-size: 1rem;\">La Comarca del Aranda\u00a0<\/span>, en su sitio web, no pide obligatoriamente datos a los usuarios que la visitan, por tanto, la comunicaci\u00f3n de datos personales por el usuario \u00fanicamente tendr\u00e1 lugar cuando estos voluntariamente utilicen un formulario de contacto o a trav\u00e9s de las direcciones de correo electr\u00f3nico publicadas en esta plataforma.<\/p><p>En cualquiera de los casos anteriormente descritos, con la cumplimentaci\u00f3n de los formularios de la web o el env\u00edo de correos electr\u00f3nicos u otras comunicaciones a\u00a0<span style=\"font-weight: bold; color: var( --e-global-color-text ); font-family: var( --e-global-typography-text-font-family ), Sans-serif; text-align: var(--text-align); background-color: var(--ast-global-color-4); font-size: 1rem;\">La Comarca del Aranda\u00a0<\/span><span style=\"font-style: inherit; font-weight: inherit; color: var( --e-global-color-text ); font-family: var( --e-global-typography-text-font-family ), Sans-serif; text-align: var(--text-align); background-color: var(--ast-global-color-4);\">, el usuario da su\u00a0<\/span><strong style=\"font-style: inherit; color: var( --e-global-color-text ); font-family: var( --e-global-typography-text-font-family ), Sans-serif; text-align: var(--text-align); background-color: var(--ast-global-color-4);\">consentimiento<\/strong><span style=\"font-style: inherit; font-weight: inherit; color: var( --e-global-color-text ); font-family: var( --e-global-typography-text-font-family ), Sans-serif; text-align: var(--text-align); background-color: var(--ast-global-color-4);\">\u00a0<\/span><strong style=\"font-style: inherit; color: var( --e-global-color-text ); font-family: var( --e-global-typography-text-font-family ), Sans-serif; text-align: var(--text-align); background-color: var(--ast-global-color-4);\">expreso, libre e inequ\u00edvoco\u00a0<\/strong><span style=\"font-style: inherit; font-weight: inherit; color: var( --e-global-color-text ); font-family: var( --e-global-typography-text-font-family ), Sans-serif; text-align: var(--text-align); background-color: var(--ast-global-color-4);\">al tratamiento de sus datos de car\u00e1cter personal y a recibir comunicaciones sobre los servicios que ofrecemos, aceptando asimismo, que puedan ser cedidos sus datos, exclusivamente para las finalidades que se han descrito en el p\u00e1rrafo anterior, a sociedades directamente relacionadas con\u00a0<\/span><span style=\"font-size: 1rem; font-style: inherit; color: var( --e-global-color-text ); font-family: var( --e-global-typography-text-font-family ), Sans-serif; text-align: var(--text-align); font-weight: bold; background-color: var(--ast-global-color-4);\">La Comarca del Aranda\u00a0<\/span><span style=\"font-style: inherit; font-weight: inherit; color: var( --e-global-color-text ); font-family: var( --e-global-typography-text-font-family ), Sans-serif; text-align: var(--text-align); background-color: var(--ast-global-color-4);\">. En ning\u00fan caso,\u00a0<\/span><span style=\"font-size: 1rem; font-style: inherit; color: var( --e-global-color-text ); font-family: var( --e-global-typography-text-font-family ), Sans-serif; text-align: var(--text-align); font-weight: bold; background-color: var(--ast-global-color-4);\">La Comarca del Aranda\u00a0<\/span><span style=\"font-style: inherit; font-weight: inherit; color: var( --e-global-color-text ); font-family: var( --e-global-typography-text-font-family ), Sans-serif; text-align: var(--text-align); background-color: var(--ast-global-color-4);\">utilizar\u00e1 los datos personales de los usuarios para fines distintos de los anteriormente mencionados. Del mismo modo le comunicamos que puede ejercitar sus derechos de acceso, rectificaci\u00f3n, cancelaci\u00f3n, oposici\u00f3n, portabilidad y olvido, mediante el env\u00edo por correo ordinario de la solicitud por escrito a la siguiente direcci\u00f3n: Plaza del Castillo s\/n. 50250. Illueca, Zaragoza,\u00a0<\/span><span style=\"font-style: inherit; font-weight: inherit; color: var( --e-global-color-text ); font-family: var( --e-global-typography-text-font-family ), Sans-serif; text-align: var(--text-align); background-color: var(--ast-global-color-4);\">\u00a0y\/o por correo electr\u00f3nico\u00a0a informacion@comarcadelaranda.com.\u00a0<\/span><\/p><p><span style=\"background-color: var(--ast-global-color-4); color: var(--ast-global-color-2); font-family: var( --e-global-typography-text-font-family ), Sans-serif; font-size: 1.875rem; font-style: inherit; font-weight: 600; text-align: var(--text-align);\">Derecho de informaci\u00f3n y consentimiento expreso<\/span><\/p><p>El usuario manifiesta haber le\u00eddo y aceptado expresamente la presente\u00a0<strong>pol\u00edtica de privacidad<\/strong>\u00a0as\u00ed como el\u00a0<strong>aviso legal<\/strong>\u00a0y las\u00a0<strong>condiciones de uso<\/strong>\u00a0de esta plataforma web, y otorga su consentimiento inequ\u00edvoco y expreso al tratamiento de sus datos personales conforme a las finalidades informadas y servicios que presta <b>La Comarca del Aranda\u00a0<\/b><span style=\"font-style: inherit; font-weight: inherit; color: var( --e-global-color-text ); font-family: var( --e-global-typography-text-font-family ), Sans-serif; text-align: var(--text-align); background-color: var(--ast-global-color-4);\">as\u00ed como la cesi\u00f3n de sus datos personales a terceros para el cumplimiento del servicio. A estos efectos se entiende por terceros: las entidades, empresas, usuarios y\/o centros de formaci\u00f3n que utilizan los servicios de\u00a0<\/span><span style=\"font-weight: bold; color: var( --e-global-color-text ); font-family: var( --e-global-typography-text-font-family ), Sans-serif; text-align: var(--text-align); background-color: var(--ast-global-color-4); font-size: 1rem;\">La Comarca del Aranda\u00a0<\/span><span style=\"background-color: var(--ast-global-color-4); color: var( --e-global-color-text ); font-family: var( --e-global-typography-text-font-family ), Sans-serif; font-style: inherit; font-weight: inherit; text-align: var(--text-align);\">\u00a0para ofertar y gestionar sus propios servicios.<\/span><\/p><h2 data-kb-block=\"kb-adv-heading3_fdeaab-3c\">Cesiones<\/h2><p><span style=\"font-weight: bold; color: var( --e-global-color-text ); font-family: var( --e-global-typography-text-font-family ), Sans-serif; text-align: var(--text-align); background-color: var(--ast-global-color-4); font-size: 1rem;\">La Comarca del Aranda\u00a0<\/span>\u00a0puede revelar datos de car\u00e1cter personal para cumplir con sus finalidades, por requisitos legales, para exigir el cumplimiento de sus pol\u00edticas, responder a reclamaciones que se refieran a la vulneraci\u00f3n por anuncios u otros contenidos de derechos de terceros o para proteger los derechos de cualquier persona o su propiedad o seguridad. En este sentido, el usuario consiente expresamente la cesi\u00f3n de sus datos personales para las finalidades especificadas en esta pol\u00edtica de privacidad.<\/p><h2 data-kb-block=\"kb-adv-heading3_092559-3d\">Finalidad<\/h2><p>Los datos de los usuarios recogidos a trav\u00e9s de los formularios de registro en\u00a0<span style=\"font-weight: bold; color: var( --e-global-color-text ); font-family: var( --e-global-typography-text-font-family ), Sans-serif; text-align: var(--text-align); background-color: var(--ast-global-color-4); font-size: 1rem;\">La Comarca del Aranda\u00a0<\/span><span style=\"font-style: inherit; font-weight: inherit; color: var( --e-global-color-text ); font-family: var( --e-global-typography-text-font-family ), Sans-serif; text-align: var(--text-align); background-color: var(--ast-global-color-4);\">son recabados, con las siguientes finalidades:<\/span><\/p><ul><li>Poner en contacto al usuario y\u00a0<span style=\"font-weight: bold;\">La Comarca del Aranda\u00a0<\/span>\u00a0respecto a la oferta de productos\/servicios.<\/li><li>Remitir comunicaciones electr\u00f3nicas promocionales e informativas sobre el sector de la comunicaci\u00f3n, eventos y otras \u00e1reas relacionadas de su inter\u00e9s.<\/li><\/ul><h2 data-kb-block=\"kb-adv-heading3_0b45dc-01\">Car\u00e1cter obligatorio o facultativo de la informaci\u00f3n facilitada por el usuario y veracidad de los datos<\/h2><p>En algunos casos, pueden encontrarse campos en los formularios de registro marcados con un asterisco (*) que son estrictamente necesarios, siendo voluntaria la inclusi\u00f3n de datos en los campos restantes.<\/p><p>El usuario garantiza que toda la informaci\u00f3n de car\u00e1cter personal que facilita es exacta y est\u00e1 puesta al d\u00eda de forma que responde con veracidad a la situaci\u00f3n actual del usuario. Corresponde y es obligaci\u00f3n del usuario mantener, en todo momento, sus datos actualizados, siendo el usuario el \u00fanico responsable de la inexactitud o falsedad de los datos que haya facilitado y de los perjuicios que pueda causar por ello a\u00a0<span style=\"font-weight: bold; color: var( --e-global-color-text ); font-family: var( --e-global-typography-text-font-family ), Sans-serif; text-align: var(--text-align); background-color: var(--ast-global-color-4); font-size: 1rem;\">La Comarca del Aranda\u00a0<\/span><span style=\"font-style: inherit; font-weight: inherit; color: var( --e-global-color-text ); font-family: var( --e-global-typography-text-font-family ), Sans-serif; text-align: var(--text-align); background-color: var(--ast-global-color-4);\">o a terceros con motivo de la utilizaci\u00f3n de los servicios ofrecidos por y a trav\u00e9s de\u00a0<\/span><span style=\"font-weight: bold; color: var( --e-global-color-text ); font-family: var( --e-global-typography-text-font-family ), Sans-serif; text-align: var(--text-align); background-color: var(--ast-global-color-4); font-size: 1rem;\">La Comarca del Aranda<\/span><span style=\"background-color: var(--ast-global-color-4); color: var( --e-global-color-text ); font-family: var( --e-global-typography-text-font-family ), Sans-serif; font-style: inherit; font-weight: inherit; text-align: var(--text-align);\">.<\/span><\/p><h2 data-kb-block=\"kb-adv-heading3_3c8006-a3\">Consentimiento del usuario<\/h2><p>Al rellenar los formularios del sitio web y hacer clic para enviar los datos, el usuario manifiesta haber le\u00eddo, entendido y aceptado expresamente las condiciones legales, y otorga su consentimiento inequ\u00edvoco y expreso al tratamiento de sus datos personales conforme a las finalidades informadas y servicios que presta\u00a0<span style=\"font-weight: bold; color: var( --e-global-color-text ); font-family: var( --e-global-typography-text-font-family ), Sans-serif; text-align: var(--text-align); background-color: var(--ast-global-color-4); font-size: 1rem;\">La Comarca del Aranda.<\/span><\/p><p>Asimismo, el usuario consiente expresamente la posibilidad de que sus opiniones y contenidos que aporte al sitio web sean tratadas por\u00a0<span style=\"font-weight: bold; color: var( --e-global-color-text ); font-family: var( --e-global-typography-text-font-family ), Sans-serif; text-align: var(--text-align); background-color: var(--ast-global-color-4); font-size: 1rem;\">La Comarca del Aranda<\/span><span style=\"font-style: inherit; font-weight: inherit; color: var( --e-global-color-text ); font-family: var( --e-global-typography-text-font-family ), Sans-serif; text-align: var(--text-align); background-color: var(--ast-global-color-4);\">\u00a0para las finalidades indicadas.<\/span><\/p><p>El usuario otorga el consentimiento a las presentes condiciones y pol\u00edtica de privacidad siempre que:<\/p><ul><li>Navegue por el sitio web.<\/li><li>Remita un correo a las direcciones electr\u00f3nicas que\u00a0<span style=\"font-weight: bold;\">La Comarca del Aranda\u00a0<\/span>pone a disposici\u00f3n.<\/li><li>Cumplimente el formulario de contacto o solicitud de informaci\u00f3n.<\/li><\/ul><h2 data-kb-block=\"kb-adv-heading3_c954e4-f8\">Seguridad<\/h2><p><span style=\"font-weight: bold; color: var( --e-global-color-text ); font-family: var( --e-global-typography-text-font-family ), Sans-serif; text-align: var(--text-align); background-color: var(--ast-global-color-4); font-size: 1rem;\">La Comarca del Aranda\u00a0<\/span>pone en conocimiento de los usuarios que ha adoptado las medidas de \u00edndole t\u00e9cnica y organizativas reglamentariamente establecidas, que\u00a0<strong>garantizan la seguridad de los datos de car\u00e1cter personal\u00a0<\/strong>y evitan su alteraci\u00f3n, p\u00e9rdida, tratamiento o acceso no autorizado, habida cuenta del estado de la tecnolog\u00eda, la naturaleza de los datos almacenados y los riesgos a que est\u00e9n expuestos, todo ello de conformidad con lo establecido en la normativa vigente.<\/p><h2 data-kb-block=\"kb-adv-heading3_2e2ac9-0b\">Condiciones de servicios<\/h2><p><strong>Condiciones de uso para usuarios del sitio web<\/strong><\/p><p>Las presentes condiciones generales regulan el contrato entre\u00a0<span style=\"font-weight: bold; color: var( --e-global-color-text ); font-family: var( --e-global-typography-text-font-family ), Sans-serif; text-align: var(--text-align); background-color: var(--ast-global-color-4); font-size: 1rem;\">La Comarca del Aranda<\/span><span style=\"font-style: inherit; font-weight: inherit; color: var( --e-global-color-text ); font-family: var( --e-global-typography-text-font-family ), Sans-serif; text-align: var(--text-align); background-color: var(--ast-global-color-4);\">, P-5.000.025-F\u00a0<\/span><span style=\"background-color: var(--ast-global-color-4); color: var( --e-global-color-text ); font-family: var( --e-global-typography-text-font-family ), Sans-serif; font-style: inherit; font-weight: inherit; text-align: var(--text-align);\">,<\/span>Plaza del Castillo s\/n. 50250. Illueca, Zaragoza,<span style=\"background-color: var(--ast-global-color-4); color: var( --e-global-color-text ); font-family: var( --e-global-typography-text-font-family ), Sans-serif; font-style: inherit; font-weight: inherit; text-align: var(--text-align);\">\u00a0<\/span><span style=\"font-weight: bold; color: var( --e-global-color-text ); font-family: var( --e-global-typography-text-font-family ), Sans-serif; text-align: var(--text-align); background-color: var(--ast-global-color-4); font-size: 1rem;\">La Comarca del Aranda\u00a0<\/span><span style=\"background-color: var(--ast-global-color-4); color: var( --e-global-color-text ); font-family: var( --e-global-typography-text-font-family ), Sans-serif; font-style: inherit; font-weight: inherit; text-align: var(--text-align);\">y el usuario.<\/span><\/p><p><strong>Caracter\u00edsticas del documento<\/strong><\/p><p>Este documento en el que se aceptan las condiciones se archiva en nuestro sistema inform\u00e1tico. El usuario puede imprimirlo o guardarlo en su ordenador.<\/p><p><strong>Reclamaciones<\/strong><\/p><p>Existen hojas de reclamaciones a disposici\u00f3n para los usuarios que pueden solicitarse trav\u00e9s del correo\u00a0electr\u00f3nico:\u00a0<span style=\"color: var( --e-global-color-text ); font-family: var( --e-global-typography-text-font-family ), Sans-serif; font-weight: var( --e-global-typography-text-font-weight ); text-align: var(--text-align); background-color: var(--ast-global-color-4); font-size: 1rem;\">informacion@comarcadelaranda.com.\u00a0<\/span><\/p><\/div>\t\t\t\t\t\t\t\t<\/div>\n\t\t\t\t<\/div>\n\t\t\t\t\t<\/div>\n\t\t\t\t<\/div>\n\t\t\t\t<\/div>\n\t\t","protected":false},"excerpt":{"rendered":"<p>Pol\u00edtica de privacidad Protecci\u00f3n de datos de car\u00e1cter personal En cumplimiento de la Ley Org\u00e1nica 3\/2018, de 5 de diciembre, de Protecci\u00f3n de Datos Personales y garant\u00eda de los derechos [&hellip;]<\/p>\n","protected":false},"author":1,"featured_media":0,"parent":0,"menu_order":0,"comment_status":"closed","ping_status":"closed","template":"","meta":{"site-sidebar-layout":"no-sidebar","site-content-layout":"","ast-site-content-layout":"full-width-container","site-content-style":"default","site-sidebar-style":"default","ast-global-header-display":"","ast-banner-title-visibility":"","ast-main-header-display":"","ast-hfb-above-header-display":"","ast-hfb-below-header-display":"","ast-hfb-mobile-header-display":"","site-post-title":"disabled","ast-breadcrumbs-content":"","ast-featured-img":"disabled","footer-sml-layout":"","theme-transparent-header-meta":"","adv-header-id-meta":"","stick-header-meta":"","header-above-stick-meta":"","header-main-stick-meta":"","header-below-stick-meta":"","astra-migrate-meta-layouts":"default","ast-page-background-enabled":"default","ast-page-background-meta":{"desktop":{"background-color":"var(--ast-global-color-5)","background-image":"","background-repeat":"repeat","background-position":"center center","background-size":"auto","background-attachment":"scroll","background-type":"","background-media":"","overlay-type":"","overlay-color":"","overlay-opacity":"","overlay-gradient":""},"tablet":{"background-color":"","background-image":"","background-repeat":"repeat","background-position":"center center","background-size":"auto","background-attachment":"scroll","background-type":"","background-media":"","overlay-type":"","overlay-color":"","overlay-opacity":"","overlay-gradient":""},"mobile":{"background-color":"","background-image":"","background-repeat":"repeat","background-position":"center center","background-size":"auto","background-attachment":"scroll","background-type":"","background-media":"","overlay-type":"","overlay-color":"","overlay-opacity":"","overlay-gradient":""}},"ast-content-background-meta":{"desktop":{"background-color":"var(--ast-global-color-4)","background-image":"","background-repeat":"repeat","background-position":"center center","background-size":"auto","background-attachment":"scroll","background-type":"","background-media":"","overlay-type":"","overlay-color":"","overlay-opacity":"","overlay-gradient":""},"tablet":{"background-color":"var(--ast-global-color-4)","background-image":"","background-repeat":"repeat","background-position":"center center","background-size":"auto","background-attachment":"scroll","background-type":"","background-media":"","overlay-type":"","overlay-color":"","overlay-opacity":"","overlay-gradient":""},"mobile":{"background-color":"var(--ast-global-color-4)","background-image":"","background-repeat":"repeat","background-position":"center center","background-size":"auto","background-attachment":"scroll","background-type":"","background-media":"","overlay-type":"","overlay-color":"","overlay-opacity":"","overlay-gradient":""}},"footnotes":""},"class_list":["post-932","page","type-page","status-publish","hentry"],"_links":{"self":[{"href":"https:\/\/www.comarcadelaranda.com\/index.php\/wp-json\/wp\/v2\/pages\/932","targetHints":{"allow":["GET"]}}],"collection":[{"href":"https:\/\/www.comarcadelaranda.com\/index.php\/wp-json\/wp\/v2\/pages"}],"about":[{"href":"https:\/\/www.comarcadelaranda.com\/index.php\/wp-json\/wp\/v2\/types\/page"}],"author":[{"embeddable":true,"href":"https:\/\/www.comarcadelaranda.com\/index.php\/wp-json\/wp\/v2\/users\/1"}],"replies":[{"embeddable":true,"href":"https:\/\/www.comarcadelaranda.com\/index.php\/wp-json\/wp\/v2\/comments?post=932"}],"version-history":[{"count":10,"href":"https:\/\/www.comarcadelaranda.com\/index.php\/wp-json\/wp\/v2\/pages\/932\/revisions"}],"predecessor-version":[{"id":953,"href":"https:\/\/www.comarcadelaranda.com\/index.php\/wp-json\/wp\/v2\/pages\/932\/revisions\/953"}],"wp:attachment":[{"href":"https:\/\/www.comarcadelaranda.com\/index.php\/wp-json\/wp\/v2\/media?parent=932"}],"curies":[{"name":"wp","href":"https:\/\/api.w.org\/{rel}","templated":true}]}}